{"id":4040,"date":"2024-01-16T09:37:03","date_gmt":"2024-01-16T08:37:03","guid":{"rendered":"https:\/\/www.gamat.sk\/?page_id=4040"},"modified":"2024-01-16T09:37:03","modified_gmt":"2024-01-16T08:37:03","slug":"gdpr","status":"publish","type":"page","link":"https:\/\/www.gamat.sk\/it\/gdpr\/","title":{"rendered":"GDPR"},"content":{"rendered":"<p><strong>Ochrana osobn\u00fdch \u00fadajov<\/strong><\/p>\n<p>Nasledovn\u00e9 inform\u00e1cie sa t\u00fdkaj\u00fa sprac\u00favania osobn\u00fdch \u00fadajov n\u00e1v\u0161tevn\u00edkov a\/alebo z\u00e1kazn\u00edkov t\u00fdchto internetov\u00fdch str\u00e1nok (\u010falej jednotlivo len \u201eDotknut\u00e1 osoba\u201c), ktor\u00e9 vykon\u00e1va \u201ePrev\u00e1dzkovate\u013e\u201c (GAMAT.SK). Sprac\u00favanie a ochrana t\u00fdchto osobn\u00fdch \u00fadajov sa spravuje ustanoveniami z\u00e1kona \u010d. 18\/2018 Z. z., o ochrane osobn\u00fdch \u00fadajov v znen\u00ed neskor\u0161\u00edch predpisov (\u010falej len \u201eZ\u00e1kon\u201c), v spojen\u00ed s ustanoveniami Nariadenia Eur\u00f3pskeho parlamentu a Rady (EU) \u010d. 2016\/679 zo d\u0148a 27. apr\u00edla 2016, v\u0161eobecn\u00e9ho nariadenia o ochrane \u00fadajov (\u010falej len \u201eNariadenie\u201c).<\/p>\n<p><strong>Sprac\u00favanie osobn\u00fdch \u00fadajov pri prihl\u00e1sen\u00ed k newsletteru<\/strong><\/p>\n<p>Osobn\u00e9 \u00fadaje Dotknutej osoby, ktor\u00e9 Prev\u00e1dzkovate\u013e spracuje za \u00fa\u010delom odosielania inform\u00e1ci\u00ed o jeho produktoch a slu\u017eb\u00e1ch (newsletter), s\u00fa: emailov\u00e1 adresa, meno a priezvisko Dotknutej osoby.<br \/>\nPr\u00e1vnym z\u00e1kladom spracovania t\u00fdchto \u00fadajov je s\u00fahlas Dotknutej osoby v zmysle \u00a7 13 ods. 1 p\u00edsm. a) Z\u00e1kona v spojen\u00ed s ust. \u010dl. 6 ods. 1 p\u00edsm. a) Nariadenia, ktor\u00fd m\u00f4\u017ee by\u0165 kedyko\u013evek odvolan\u00fd kliknut\u00edm na akt\u00edvny odkaz umiestnen\u00fd na konci ka\u017ed\u00e9ho newsletteru alebo na z\u00e1klade p\u00edsomnej \u017eiadosti zaslanej na emailov\u00fa adresu Prev\u00e1dzkovate\u013ea.<br \/>\nOsobn\u00e9 \u00fadaje bud\u00fa spracovan\u00e9 po dobu trvania z\u00e1ujmu Dotknutej osoby o zasielanie newsletteru Prev\u00e1dzkovate\u013ea.<br \/>\nSpracovan\u00edm osobn\u00fdch \u00fadajov Dotknutej osoby m\u00f4\u017ee by\u0165 poveren\u00fd Sprostredkovate\u013e, ktor\u00fd pre Prev\u00e1dzkovate\u013ea zais\u0165uje alebo m\u00f4\u017ee zais\u0165ova\u0165 spr\u00e1vu newsletterov\u00fdch kampan\u00ed.<br \/>\nPri spracovan\u00ed osobn\u00fdch \u00fadajov Dotknutej osoby nebude doch\u00e1dza\u0165 k automatizovan\u00e9mu rozhodovaniu ani k profilovaniu, pri\u010dom Prev\u00e1dzkovate\u013e nem\u00e1 v \u00famysle poskytn\u00fa\u0165 osobn\u00e9 \u00fadaje do tretej krajiny, medzin\u00e1rodnej organiz\u00e1cii ani 3. osob\u00e1m, s v\u00fdnimkou Sprostredkovate\u013ea.<br \/>\nDotknut\u00e1 osoba m\u00e1 predov\u0161etk\u00fdm pr\u00e1vo po\u017eadova\u0165 od Prev\u00e1dzkovate\u013ea pr\u00edstup k svojim osobn\u00fdm \u00fadajom, ich opravu alebo vymazanie, pr\u00edpadne obmedzenie spracovania, pr\u00e1vo namieta\u0165 proti spracovaniu, pr\u00e1vo na prenosnos\u0165 \u00fadajov k in\u00e9mu prev\u00e1dzkovate\u013eovi, pokia\u013e boli osobn\u00e9 \u00fadaje spracovan\u00e9 automatizovan\u00fdm sp\u00f4sobom na \u017eiados\u0165 Dotknutej osoby, ako aj pr\u00e1vo poda\u0165 s\u0165a\u017enos\u0165 k \u00daradu na ochranu osobn\u00fdch \u00fadajov, ak Prev\u00e1dzkovate\u013e a\/alebo Sprostredkovate\u013e postupuje pri spracovan\u00ed osobn\u00fdch \u00fadajov v rozpore s Nariaden\u00edm a\/alebo Z\u00e1konom.<\/p>\n<p><strong>Sprac\u00favanie osobn\u00fdch \u00fadajov zadan\u00edm ot\u00e1zky cez kontaktn\u00fd formul\u00e1r<\/strong><\/p>\n<p>Osobn\u00e9 \u00fadaje Dotknutej osoby, ktor\u00e9 Prev\u00e1dzkovate\u013e spracuje za \u00fa\u010delom op\u00e4tovn\u00e9ho kontaktovania Dotknutej osoby s\u00fa: meno a priezvisko, email.<br \/>\nPr\u00e1vnym z\u00e1kladom spracovania t\u00fdchto \u00fadajov je s\u00fahlas Dotknutej osoby v zmysle\u00a7 13 ods. 1 p\u00edsm. a) Z\u00e1kona v spojen\u00ed s ust. \u010dl. 6 ods. 1 p\u00edsm. a) Nariadenia, ktor\u00fd m\u00f4\u017ee by\u0165 kedyko\u013evek odvolan\u00fd na z\u00e1klade \u017eiadosti adresovanej Prev\u00e1dzkovate\u013eovi.<br \/>\nOsobn\u00e9 \u00fadaje bud\u00fa spracovan\u00e9 po dobu trvania z\u00e1ujmu Dotknutej osoby za \u00fa\u010delom op\u00e4tovn\u00e9ho kontaktovania a komunik\u00e1cie Prev\u00e1dzkovate\u013ea s Dotknutou osobou.<br \/>\nPri spracovan\u00ed osobn\u00fdch \u00fadajov Dotknutej osoby nebude doch\u00e1dza\u0165 k automatizovan\u00e9mu rozhodovaniu ani k profilovaniu, pri\u010dom Prev\u00e1dzkovate\u013e nem\u00e1 v \u00famysle poskytn\u00fa\u0165 osobn\u00e9 \u00fadaje do tretej krajiny, medzin\u00e1rodnej organiz\u00e1cii ani 3. osob\u00e1m.<br \/>\nDotknut\u00e1 osoba m\u00e1 predov\u0161etk\u00fdm pr\u00e1vo po\u017eadova\u0165 od Prev\u00e1dzkovate\u013ea pr\u00edstup k svojim osobn\u00fdm \u00fadajom, ich opravu alebo vymazanie, pr\u00edpadne obmedzenie spracovania, pr\u00e1vo namieta\u0165 proti spracovaniu, pr\u00e1vo na prenosnos\u0165 \u00fadajov k in\u00e9mu prev\u00e1dzkovate\u013eovi, pokia\u013e boli osobn\u00e9 \u00fadaje spracovan\u00e9 automatizovan\u00fdm sp\u00f4sobom na \u017eiados\u0165 Dotknutej osoby, ako aj pr\u00e1vo poda\u0165 s\u0165a\u017enos\u0165 k \u00daradu na ochranu osobn\u00fdch \u00fadajov, ak Prev\u00e1dzkovate\u013e postupuje pri spracovan\u00ed osobn\u00fdch \u00fadajov v rozpore s Nariaden\u00edm a\/alebo Z\u00e1konom.<\/p>\n<p><strong>GAMAT.sk<\/strong><\/p>\n<p>Spolo\u010dnos\u0165 GAMAT, s.r.o. je dynamicky sa rozv\u00edjaj\u00facou a zdravou rodinnou firmou, kladieme d\u00f4raz na poskytovan\u00e9 slu\u017eby, ich kvality a na dlhodob\u00fd rozvoj firmy. Na\u0161im prvorad\u00fdm cie\u013eom je spokojnos\u0165 z\u00e1kazn\u00edka.<\/p>\n<p>&nbsp;<\/p>\n","protected":false},"excerpt":{"rendered":"<p>Ochrana osobn\u00fdch \u00fadajov Nasledovn\u00e9 inform\u00e1cie sa t\u00fdkaj\u00fa sprac\u00favania osobn\u00fdch \u00fadajov n\u00e1v\u0161tevn\u00edkov a\/alebo z\u00e1kazn\u00edkov t\u00fdchto internetov\u00fdch str\u00e1nok (\u010falej jednotlivo len \u201eDotknut\u00e1 osoba\u201c), ktor\u00e9 vykon\u00e1va \u201ePrev\u00e1dzkovate\u013e\u201c (GAMAT.SK). Sprac\u00favanie a ochrana t\u00fdchto osobn\u00fdch \u00fadajov sa spravuje ustanoveniami z\u00e1kona \u010d. 18\/2018 Z. z., o ochrane osobn\u00fdch \u00fadajov v znen\u00ed neskor\u0161\u00edch predpisov (\u010falej len \u201eZ\u00e1kon\u201c), v spojen\u00ed s ustanoveniami Nariadenia Eur\u00f3pskeho parlamentu a Rady (EU) \u010d. 2016\/679 zo d\u0148a 27. apr\u00edla 2016, v\u0161eobecn\u00e9ho nariadenia o ochrane \u00fadajov (\u010falej len \u201eNariadenie\u201c). Sprac\u00favanie osobn\u00fdch \u00fadajov pri prihl\u00e1sen\u00ed k newsletteru Osobn\u00e9 \u00fadaje Dotknutej osoby, ktor\u00e9 Prev\u00e1dzkovate\u013e spracuje za \u00fa\u010delom odosielania inform\u00e1ci\u00ed o jeho produktoch a slu\u017eb\u00e1ch (newsletter), s\u00fa: emailov\u00e1 adresa, meno a priezvisko Dotknutej osoby. Pr\u00e1vnym z\u00e1kladom spracovania t\u00fdchto \u00fadajov je s\u00fahlas Dotknutej osoby v zmysle \u00a7 13 ods. 1 p\u00edsm. a) Z\u00e1kona v spojen\u00ed s ust. \u010dl. 6 ods. 1 p\u00edsm. a) Nariadenia, ktor\u00fd m\u00f4\u017ee by\u0165 kedyko\u013evek odvolan\u00fd kliknut\u00edm na akt\u00edvny odkaz umiestnen\u00fd na konci ka\u017ed\u00e9ho newsletteru alebo na z\u00e1klade p\u00edsomnej \u017eiadosti zaslanej na emailov\u00fa adresu Prev\u00e1dzkovate\u013ea. Osobn\u00e9 \u00fadaje bud\u00fa spracovan\u00e9 po dobu trvania z\u00e1ujmu Dotknutej osoby o zasielanie newsletteru Prev\u00e1dzkovate\u013ea. Spracovan\u00edm osobn\u00fdch \u00fadajov Dotknutej osoby m\u00f4\u017ee by\u0165 poveren\u00fd Sprostredkovate\u013e, ktor\u00fd pre Prev\u00e1dzkovate\u013ea zais\u0165uje alebo m\u00f4\u017ee zais\u0165ova\u0165 spr\u00e1vu newsletterov\u00fdch kampan\u00ed. Pri spracovan\u00ed osobn\u00fdch \u00fadajov Dotknutej osoby nebude\u2026<\/p>\n","protected":false},"author":7,"featured_media":0,"parent":0,"menu_order":0,"comment_status":"closed","ping_status":"closed","template":"template-pages\/simple.php","meta":{"_acf_changed":false,"footnotes":""},"class_list":["post-4040","page","type-page","status-publish","hentry"],"acf":[],"yoast_head":"<!-- This site is optimized with the Yoast SEO plugin v25.7 - https:\/\/yoast.com\/wordpress\/plugins\/seo\/ -->\n<title>GDPR | GAMAT<\/title>\n<meta name=\"robots\" content=\"index, follow, max-snippet:-1, max-image-preview:large, max-video-preview:-1\" \/>\n<link rel=\"canonical\" href=\"https:\/\/www.gamat.sk\/it\/gdpr\/\" \/>\n<meta property=\"og:locale\" content=\"it_IT\" \/>\n<meta property=\"og:type\" content=\"article\" \/>\n<meta property=\"og:title\" content=\"GDPR | GAMAT\" \/>\n<meta property=\"og:description\" content=\"Ochrana osobn\u00fdch \u00fadajov Nasledovn\u00e9 inform\u00e1cie sa t\u00fdkaj\u00fa sprac\u00favania osobn\u00fdch \u00fadajov n\u00e1v\u0161tevn\u00edkov a\/alebo z\u00e1kazn\u00edkov t\u00fdchto internetov\u00fdch str\u00e1nok (\u010falej jednotlivo len \u201eDotknut\u00e1 osoba\u201c), ktor\u00e9 vykon\u00e1va \u201ePrev\u00e1dzkovate\u013e\u201c (GAMAT.SK). Sprac\u00favanie a ochrana t\u00fdchto osobn\u00fdch \u00fadajov sa spravuje ustanoveniami z\u00e1kona \u010d. 18\/2018 Z. z., o ochrane osobn\u00fdch \u00fadajov v znen\u00ed neskor\u0161\u00edch predpisov (\u010falej len \u201eZ\u00e1kon\u201c), v spojen\u00ed s ustanoveniami Nariadenia Eur\u00f3pskeho parlamentu a Rady (EU) \u010d. 2016\/679 zo d\u0148a 27. apr\u00edla 2016, v\u0161eobecn\u00e9ho nariadenia o ochrane \u00fadajov (\u010falej len \u201eNariadenie\u201c). Sprac\u00favanie osobn\u00fdch \u00fadajov pri prihl\u00e1sen\u00ed k newsletteru Osobn\u00e9 \u00fadaje Dotknutej osoby, ktor\u00e9 Prev\u00e1dzkovate\u013e spracuje za \u00fa\u010delom odosielania inform\u00e1ci\u00ed o jeho produktoch a slu\u017eb\u00e1ch (newsletter), s\u00fa: emailov\u00e1 adresa, meno a priezvisko Dotknutej osoby. Pr\u00e1vnym z\u00e1kladom spracovania t\u00fdchto \u00fadajov je s\u00fahlas Dotknutej osoby v zmysle \u00a7 13 ods. 1 p\u00edsm. a) Z\u00e1kona v spojen\u00ed s ust. \u010dl. 6 ods. 1 p\u00edsm. a) Nariadenia, ktor\u00fd m\u00f4\u017ee by\u0165 kedyko\u013evek odvolan\u00fd kliknut\u00edm na akt\u00edvny odkaz umiestnen\u00fd na konci ka\u017ed\u00e9ho newsletteru alebo na z\u00e1klade p\u00edsomnej \u017eiadosti zaslanej na emailov\u00fa adresu Prev\u00e1dzkovate\u013ea. Osobn\u00e9 \u00fadaje bud\u00fa spracovan\u00e9 po dobu trvania z\u00e1ujmu Dotknutej osoby o zasielanie newsletteru Prev\u00e1dzkovate\u013ea. Spracovan\u00edm osobn\u00fdch \u00fadajov Dotknutej osoby m\u00f4\u017ee by\u0165 poveren\u00fd Sprostredkovate\u013e, ktor\u00fd pre Prev\u00e1dzkovate\u013ea zais\u0165uje alebo m\u00f4\u017ee zais\u0165ova\u0165 spr\u00e1vu newsletterov\u00fdch kampan\u00ed. Pri spracovan\u00ed osobn\u00fdch \u00fadajov Dotknutej osoby nebude\u2026\" \/>\n<meta property=\"og:url\" content=\"https:\/\/www.gamat.sk\/it\/gdpr\/\" \/>\n<meta property=\"og:site_name\" content=\"GAMAT\" \/>\n<meta name=\"twitter:card\" content=\"summary_large_image\" \/>\n<meta name=\"twitter:label1\" content=\"Tempo di lettura stimato\" \/>\n\t<meta name=\"twitter:data1\" content=\"3 minuti\" \/>\n<script type=\"application\/ld+json\" class=\"yoast-schema-graph\">{\"@context\":\"https:\/\/schema.org\",\"@graph\":[{\"@type\":\"WebPage\",\"@id\":\"https:\/\/www.gamat.sk\/it\/gdpr\/\",\"url\":\"https:\/\/www.gamat.sk\/it\/gdpr\/\",\"name\":\"GDPR | GAMAT\",\"isPartOf\":{\"@id\":\"https:\/\/www.gamat.sk\/#website\"},\"datePublished\":\"2024-01-16T08:37:03+00:00\",\"breadcrumb\":{\"@id\":\"https:\/\/www.gamat.sk\/it\/gdpr\/#breadcrumb\"},\"inLanguage\":\"it-IT\",\"potentialAction\":[{\"@type\":\"ReadAction\",\"target\":[\"https:\/\/www.gamat.sk\/it\/gdpr\/\"]}]},{\"@type\":\"BreadcrumbList\",\"@id\":\"https:\/\/www.gamat.sk\/it\/gdpr\/#breadcrumb\",\"itemListElement\":[{\"@type\":\"ListItem\",\"position\":1,\"name\":\"Domovsk\u00e1 str\u00e1nka\",\"item\":\"https:\/\/www.gamat.sk\/it\/\"},{\"@type\":\"ListItem\",\"position\":2,\"name\":\"GDPR\"}]},{\"@type\":\"WebSite\",\"@id\":\"https:\/\/www.gamat.sk\/#website\",\"url\":\"https:\/\/www.gamat.sk\/\",\"name\":\"GAMAT\",\"description\":\"Rie\u0161enia pre ploch\u00e9 strechy\",\"publisher\":{\"@id\":\"https:\/\/www.gamat.sk\/#organization\"},\"potentialAction\":[{\"@type\":\"SearchAction\",\"target\":{\"@type\":\"EntryPoint\",\"urlTemplate\":\"https:\/\/www.gamat.sk\/?s={search_term_string}\"},\"query-input\":{\"@type\":\"PropertyValueSpecification\",\"valueRequired\":true,\"valueName\":\"search_term_string\"}}],\"inLanguage\":\"it-IT\"},{\"@type\":\"Organization\",\"@id\":\"https:\/\/www.gamat.sk\/#organization\",\"name\":\"GAMAT\",\"url\":\"https:\/\/www.gamat.sk\/\",\"logo\":{\"@type\":\"ImageObject\",\"inLanguage\":\"it-IT\",\"@id\":\"https:\/\/www.gamat.sk\/#\/schema\/logo\/image\/\",\"url\":\"https:\/\/www.gamat.sk\/wp-content\/uploads\/2022\/05\/gamat-logo.png\",\"contentUrl\":\"https:\/\/www.gamat.sk\/wp-content\/uploads\/2022\/05\/gamat-logo.png\",\"width\":1966,\"height\":564,\"caption\":\"GAMAT\"},\"image\":{\"@id\":\"https:\/\/www.gamat.sk\/#\/schema\/logo\/image\/\"}}]}<\/script>\n<!-- \/ Yoast SEO plugin. -->","yoast_head_json":{"title":"GDPR | GAMAT","robots":{"index":"index","follow":"follow","max-snippet":"max-snippet:-1","max-image-preview":"max-image-preview:large","max-video-preview":"max-video-preview:-1"},"canonical":"https:\/\/www.gamat.sk\/it\/gdpr\/","og_locale":"it_IT","og_type":"article","og_title":"GDPR | GAMAT","og_description":"Ochrana osobn\u00fdch \u00fadajov Nasledovn\u00e9 inform\u00e1cie sa t\u00fdkaj\u00fa sprac\u00favania osobn\u00fdch \u00fadajov n\u00e1v\u0161tevn\u00edkov a\/alebo z\u00e1kazn\u00edkov t\u00fdchto internetov\u00fdch str\u00e1nok (\u010falej jednotlivo len \u201eDotknut\u00e1 osoba\u201c), ktor\u00e9 vykon\u00e1va \u201ePrev\u00e1dzkovate\u013e\u201c (GAMAT.SK). Sprac\u00favanie a ochrana t\u00fdchto osobn\u00fdch \u00fadajov sa spravuje ustanoveniami z\u00e1kona \u010d. 18\/2018 Z. z., o ochrane osobn\u00fdch \u00fadajov v znen\u00ed neskor\u0161\u00edch predpisov (\u010falej len \u201eZ\u00e1kon\u201c), v spojen\u00ed s ustanoveniami Nariadenia Eur\u00f3pskeho parlamentu a Rady (EU) \u010d. 2016\/679 zo d\u0148a 27. apr\u00edla 2016, v\u0161eobecn\u00e9ho nariadenia o ochrane \u00fadajov (\u010falej len \u201eNariadenie\u201c). Sprac\u00favanie osobn\u00fdch \u00fadajov pri prihl\u00e1sen\u00ed k newsletteru Osobn\u00e9 \u00fadaje Dotknutej osoby, ktor\u00e9 Prev\u00e1dzkovate\u013e spracuje za \u00fa\u010delom odosielania inform\u00e1ci\u00ed o jeho produktoch a slu\u017eb\u00e1ch (newsletter), s\u00fa: emailov\u00e1 adresa, meno a priezvisko Dotknutej osoby. Pr\u00e1vnym z\u00e1kladom spracovania t\u00fdchto \u00fadajov je s\u00fahlas Dotknutej osoby v zmysle \u00a7 13 ods. 1 p\u00edsm. a) Z\u00e1kona v spojen\u00ed s ust. \u010dl. 6 ods. 1 p\u00edsm. a) Nariadenia, ktor\u00fd m\u00f4\u017ee by\u0165 kedyko\u013evek odvolan\u00fd kliknut\u00edm na akt\u00edvny odkaz umiestnen\u00fd na konci ka\u017ed\u00e9ho newsletteru alebo na z\u00e1klade p\u00edsomnej \u017eiadosti zaslanej na emailov\u00fa adresu Prev\u00e1dzkovate\u013ea. Osobn\u00e9 \u00fadaje bud\u00fa spracovan\u00e9 po dobu trvania z\u00e1ujmu Dotknutej osoby o zasielanie newsletteru Prev\u00e1dzkovate\u013ea. Spracovan\u00edm osobn\u00fdch \u00fadajov Dotknutej osoby m\u00f4\u017ee by\u0165 poveren\u00fd Sprostredkovate\u013e, ktor\u00fd pre Prev\u00e1dzkovate\u013ea zais\u0165uje alebo m\u00f4\u017ee zais\u0165ova\u0165 spr\u00e1vu newsletterov\u00fdch kampan\u00ed. Pri spracovan\u00ed osobn\u00fdch \u00fadajov Dotknutej osoby nebude\u2026","og_url":"https:\/\/www.gamat.sk\/it\/gdpr\/","og_site_name":"GAMAT","twitter_card":"summary_large_image","twitter_misc":{"Tempo di lettura stimato":"3 minuti"},"schema":{"@context":"https:\/\/schema.org","@graph":[{"@type":"WebPage","@id":"https:\/\/www.gamat.sk\/it\/gdpr\/","url":"https:\/\/www.gamat.sk\/it\/gdpr\/","name":"GDPR | GAMAT","isPartOf":{"@id":"https:\/\/www.gamat.sk\/#website"},"datePublished":"2024-01-16T08:37:03+00:00","breadcrumb":{"@id":"https:\/\/www.gamat.sk\/it\/gdpr\/#breadcrumb"},"inLanguage":"it-IT","potentialAction":[{"@type":"ReadAction","target":["https:\/\/www.gamat.sk\/it\/gdpr\/"]}]},{"@type":"BreadcrumbList","@id":"https:\/\/www.gamat.sk\/it\/gdpr\/#breadcrumb","itemListElement":[{"@type":"ListItem","position":1,"name":"Domovsk\u00e1 str\u00e1nka","item":"https:\/\/www.gamat.sk\/it\/"},{"@type":"ListItem","position":2,"name":"GDPR"}]},{"@type":"WebSite","@id":"https:\/\/www.gamat.sk\/#website","url":"https:\/\/www.gamat.sk\/","name":"GAMAT","description":"Rie\u0161enia pre ploch\u00e9 strechy","publisher":{"@id":"https:\/\/www.gamat.sk\/#organization"},"potentialAction":[{"@type":"SearchAction","target":{"@type":"EntryPoint","urlTemplate":"https:\/\/www.gamat.sk\/?s={search_term_string}"},"query-input":{"@type":"PropertyValueSpecification","valueRequired":true,"valueName":"search_term_string"}}],"inLanguage":"it-IT"},{"@type":"Organization","@id":"https:\/\/www.gamat.sk\/#organization","name":"GAMAT","url":"https:\/\/www.gamat.sk\/","logo":{"@type":"ImageObject","inLanguage":"it-IT","@id":"https:\/\/www.gamat.sk\/#\/schema\/logo\/image\/","url":"https:\/\/www.gamat.sk\/wp-content\/uploads\/2022\/05\/gamat-logo.png","contentUrl":"https:\/\/www.gamat.sk\/wp-content\/uploads\/2022\/05\/gamat-logo.png","width":1966,"height":564,"caption":"GAMAT"},"image":{"@id":"https:\/\/www.gamat.sk\/#\/schema\/logo\/image\/"}}]}},"_links":{"self":[{"href":"https:\/\/www.gamat.sk\/it\/wp-json\/wp\/v2\/pages\/4040","targetHints":{"allow":["GET"]}}],"collection":[{"href":"https:\/\/www.gamat.sk\/it\/wp-json\/wp\/v2\/pages"}],"about":[{"href":"https:\/\/www.gamat.sk\/it\/wp-json\/wp\/v2\/types\/page"}],"author":[{"embeddable":true,"href":"https:\/\/www.gamat.sk\/it\/wp-json\/wp\/v2\/users\/7"}],"replies":[{"embeddable":true,"href":"https:\/\/www.gamat.sk\/it\/wp-json\/wp\/v2\/comments?post=4040"}],"version-history":[{"count":1,"href":"https:\/\/www.gamat.sk\/it\/wp-json\/wp\/v2\/pages\/4040\/revisions"}],"predecessor-version":[{"id":4041,"href":"https:\/\/www.gamat.sk\/it\/wp-json\/wp\/v2\/pages\/4040\/revisions\/4041"}],"wp:attachment":[{"href":"https:\/\/www.gamat.sk\/it\/wp-json\/wp\/v2\/media?parent=4040"}],"curies":[{"name":"wp","href":"https:\/\/api.w.org\/{rel}","templated":true}]}}