{"id":2519,"date":"2022-10-04T10:48:47","date_gmt":"2022-10-04T08:48:47","guid":{"rendered":"https:\/\/www.gamat.sk\/?page_id=2519"},"modified":"2022-10-26T01:26:49","modified_gmt":"2022-10-25T23:26:49","slug":"izolace-ploche-strechy","status":"publish","type":"page","link":"https:\/\/www.gamat.sk\/cz\/sluzby\/izolace-ploche-strechy\/","title":{"rendered":"Izolace ploch\u00e9 st\u0159echy"},"content":{"rendered":"","protected":false},"excerpt":{"rendered":"","protected":false},"author":7,"featured_media":0,"parent":2527,"menu_order":0,"comment_status":"closed","ping_status":"closed","template":"template-pages\/service-waterproofing.php","meta":{"_acf_changed":false,"footnotes":""},"class_list":["post-2519","page","type-page","status-publish","hentry"],"acf":[],"yoast_head":"<!-- This site is optimized with the Yoast SEO plugin v25.7 - https:\/\/yoast.com\/wordpress\/plugins\/seo\/ -->\n<title>Izolace st\u0159echy | Zateplen\u00ed st\u0159echy | GAMAT<\/title>\n<meta name=\"description\" content=\"Kvalitn\u00ed izolace st\u0159echy zabr\u00e1n\u00ed pr\u016fniku vody do domu. Obra\u0165te se na profesion\u00e1ly. Izolace a zateplen\u00ed st\u0159echy.\" \/>\n<meta name=\"robots\" content=\"index, follow, max-snippet:-1, max-image-preview:large, max-video-preview:-1\" \/>\n<link rel=\"canonical\" href=\"https:\/\/www.gamat.sk\/cz\/sluzby\/izolace-ploche-strechy\/\" \/>\n<meta property=\"og:locale\" content=\"en_US\" \/>\n<meta property=\"og:type\" content=\"article\" \/>\n<meta property=\"og:title\" content=\"Izolace st\u0159echy | Zateplen\u00ed st\u0159echy | GAMAT\" \/>\n<meta property=\"og:description\" content=\"Kvalitn\u00ed izolace st\u0159echy zabr\u00e1n\u00ed pr\u016fniku vody do domu. Obra\u0165te se na profesion\u00e1ly. Izolace a zateplen\u00ed st\u0159echy.\" \/>\n<meta property=\"og:url\" content=\"https:\/\/www.gamat.sk\/cz\/sluzby\/izolace-ploche-strechy\/\" \/>\n<meta property=\"og:site_name\" content=\"GAMAT\" \/>\n<meta property=\"article:modified_time\" content=\"2022-10-25T23:26:49+00:00\" \/>\n<meta name=\"twitter:card\" content=\"summary_large_image\" \/>\n<script type=\"application\/ld+json\" class=\"yoast-schema-graph\">{\"@context\":\"https:\/\/schema.org\",\"@graph\":[{\"@type\":\"WebPage\",\"@id\":\"https:\/\/www.gamat.sk\/cz\/sluzby\/izolace-ploche-strechy\/\",\"url\":\"https:\/\/www.gamat.sk\/cz\/sluzby\/izolace-ploche-strechy\/\",\"name\":\"Izolace st\u0159echy | Zateplen\u00ed st\u0159echy | GAMAT\",\"isPartOf\":{\"@id\":\"https:\/\/www.gamat.sk\/#website\"},\"datePublished\":\"2022-10-04T08:48:47+00:00\",\"dateModified\":\"2022-10-25T23:26:49+00:00\",\"description\":\"Kvalitn\u00ed izolace st\u0159echy zabr\u00e1n\u00ed pr\u016fniku vody do domu. Obra\u0165te se na profesion\u00e1ly. Izolace a zateplen\u00ed st\u0159echy.\",\"breadcrumb\":{\"@id\":\"https:\/\/www.gamat.sk\/cz\/sluzby\/izolace-ploche-strechy\/#breadcrumb\"},\"inLanguage\":\"cs-CS\",\"potentialAction\":[{\"@type\":\"ReadAction\",\"target\":[\"https:\/\/www.gamat.sk\/cz\/sluzby\/izolace-ploche-strechy\/\"]}]},{\"@type\":\"BreadcrumbList\",\"@id\":\"https:\/\/www.gamat.sk\/cz\/sluzby\/izolace-ploche-strechy\/#breadcrumb\",\"itemListElement\":[{\"@type\":\"ListItem\",\"position\":1,\"name\":\"Domovsk\u00e1 str\u00e1nka\",\"item\":\"https:\/\/www.gamat.sk\/cz\/\"},{\"@type\":\"ListItem\",\"position\":2,\"name\":\"Slu\u017eby\",\"item\":\"https:\/\/www.gamat.sk\/cz\/sluzby\/\"},{\"@type\":\"ListItem\",\"position\":3,\"name\":\"Izolace ploch\u00e9 st\u0159echy\"}]},{\"@type\":\"WebSite\",\"@id\":\"https:\/\/www.gamat.sk\/#website\",\"url\":\"https:\/\/www.gamat.sk\/\",\"name\":\"GAMAT\",\"description\":\"Rie\u0161enia pre ploch\u00e9 strechy\",\"publisher\":{\"@id\":\"https:\/\/www.gamat.sk\/#organization\"},\"potentialAction\":[{\"@type\":\"SearchAction\",\"target\":{\"@type\":\"EntryPoint\",\"urlTemplate\":\"https:\/\/www.gamat.sk\/?s={search_term_string}\"},\"query-input\":{\"@type\":\"PropertyValueSpecification\",\"valueRequired\":true,\"valueName\":\"search_term_string\"}}],\"inLanguage\":\"cs-CS\"},{\"@type\":\"Organization\",\"@id\":\"https:\/\/www.gamat.sk\/#organization\",\"name\":\"GAMAT\",\"url\":\"https:\/\/www.gamat.sk\/\",\"logo\":{\"@type\":\"ImageObject\",\"inLanguage\":\"cs-CS\",\"@id\":\"https:\/\/www.gamat.sk\/#\/schema\/logo\/image\/\",\"url\":\"https:\/\/www.gamat.sk\/wp-content\/uploads\/2022\/05\/gamat-logo.png\",\"contentUrl\":\"https:\/\/www.gamat.sk\/wp-content\/uploads\/2022\/05\/gamat-logo.png\",\"width\":1966,\"height\":564,\"caption\":\"GAMAT\"},\"image\":{\"@id\":\"https:\/\/www.gamat.sk\/#\/schema\/logo\/image\/\"}}]}<\/script>\n<!-- \/ Yoast SEO plugin. -->","yoast_head_json":{"title":"Izolace st\u0159echy | Zateplen\u00ed st\u0159echy | GAMAT","description":"Kvalitn\u00ed izolace st\u0159echy zabr\u00e1n\u00ed pr\u016fniku vody do domu. Obra\u0165te se na profesion\u00e1ly. Izolace a zateplen\u00ed st\u0159echy.","robots":{"index":"index","follow":"follow","max-snippet":"max-snippet:-1","max-image-preview":"max-image-preview:large","max-video-preview":"max-video-preview:-1"},"canonical":"https:\/\/www.gamat.sk\/cz\/sluzby\/izolace-ploche-strechy\/","og_locale":"en_US","og_type":"article","og_title":"Izolace st\u0159echy | Zateplen\u00ed st\u0159echy | GAMAT","og_description":"Kvalitn\u00ed izolace st\u0159echy zabr\u00e1n\u00ed pr\u016fniku vody do domu. Obra\u0165te se na profesion\u00e1ly. Izolace a zateplen\u00ed st\u0159echy.","og_url":"https:\/\/www.gamat.sk\/cz\/sluzby\/izolace-ploche-strechy\/","og_site_name":"GAMAT","article_modified_time":"2022-10-25T23:26:49+00:00","twitter_card":"summary_large_image","schema":{"@context":"https:\/\/schema.org","@graph":[{"@type":"WebPage","@id":"https:\/\/www.gamat.sk\/cz\/sluzby\/izolace-ploche-strechy\/","url":"https:\/\/www.gamat.sk\/cz\/sluzby\/izolace-ploche-strechy\/","name":"Izolace st\u0159echy | Zateplen\u00ed st\u0159echy | GAMAT","isPartOf":{"@id":"https:\/\/www.gamat.sk\/#website"},"datePublished":"2022-10-04T08:48:47+00:00","dateModified":"2022-10-25T23:26:49+00:00","description":"Kvalitn\u00ed izolace st\u0159echy zabr\u00e1n\u00ed pr\u016fniku vody do domu. Obra\u0165te se na profesion\u00e1ly. Izolace a zateplen\u00ed st\u0159echy.","breadcrumb":{"@id":"https:\/\/www.gamat.sk\/cz\/sluzby\/izolace-ploche-strechy\/#breadcrumb"},"inLanguage":"cs-CS","potentialAction":[{"@type":"ReadAction","target":["https:\/\/www.gamat.sk\/cz\/sluzby\/izolace-ploche-strechy\/"]}]},{"@type":"BreadcrumbList","@id":"https:\/\/www.gamat.sk\/cz\/sluzby\/izolace-ploche-strechy\/#breadcrumb","itemListElement":[{"@type":"ListItem","position":1,"name":"Domovsk\u00e1 str\u00e1nka","item":"https:\/\/www.gamat.sk\/cz\/"},{"@type":"ListItem","position":2,"name":"Slu\u017eby","item":"https:\/\/www.gamat.sk\/cz\/sluzby\/"},{"@type":"ListItem","position":3,"name":"Izolace ploch\u00e9 st\u0159echy"}]},{"@type":"WebSite","@id":"https:\/\/www.gamat.sk\/#website","url":"https:\/\/www.gamat.sk\/","name":"GAMAT","description":"Rie\u0161enia pre ploch\u00e9 strechy","publisher":{"@id":"https:\/\/www.gamat.sk\/#organization"},"potentialAction":[{"@type":"SearchAction","target":{"@type":"EntryPoint","urlTemplate":"https:\/\/www.gamat.sk\/?s={search_term_string}"},"query-input":{"@type":"PropertyValueSpecification","valueRequired":true,"valueName":"search_term_string"}}],"inLanguage":"cs-CS"},{"@type":"Organization","@id":"https:\/\/www.gamat.sk\/#organization","name":"GAMAT","url":"https:\/\/www.gamat.sk\/","logo":{"@type":"ImageObject","inLanguage":"cs-CS","@id":"https:\/\/www.gamat.sk\/#\/schema\/logo\/image\/","url":"https:\/\/www.gamat.sk\/wp-content\/uploads\/2022\/05\/gamat-logo.png","contentUrl":"https:\/\/www.gamat.sk\/wp-content\/uploads\/2022\/05\/gamat-logo.png","width":1966,"height":564,"caption":"GAMAT"},"image":{"@id":"https:\/\/www.gamat.sk\/#\/schema\/logo\/image\/"}}]}},"_links":{"self":[{"href":"https:\/\/www.gamat.sk\/cz\/wp-json\/wp\/v2\/pages\/2519","targetHints":{"allow":["GET"]}}],"collection":[{"href":"https:\/\/www.gamat.sk\/cz\/wp-json\/wp\/v2\/pages"}],"about":[{"href":"https:\/\/www.gamat.sk\/cz\/wp-json\/wp\/v2\/types\/page"}],"author":[{"embeddable":true,"href":"https:\/\/www.gamat.sk\/cz\/wp-json\/wp\/v2\/users\/7"}],"replies":[{"embeddable":true,"href":"https:\/\/www.gamat.sk\/cz\/wp-json\/wp\/v2\/comments?post=2519"}],"version-history":[{"count":9,"href":"https:\/\/www.gamat.sk\/cz\/wp-json\/wp\/v2\/pages\/2519\/revisions"}],"predecessor-version":[{"id":2735,"href":"https:\/\/www.gamat.sk\/cz\/wp-json\/wp\/v2\/pages\/2519\/revisions\/2735"}],"up":[{"embeddable":true,"href":"https:\/\/www.gamat.sk\/cz\/wp-json\/wp\/v2\/pages\/2527"}],"wp:attachment":[{"href":"https:\/\/www.gamat.sk\/cz\/wp-json\/wp\/v2\/media?parent=2519"}],"curies":[{"name":"wp","href":"https:\/\/api.w.org\/{rel}","templated":true}]}}